{"id":830,"date":"2023-02-15T11:14:29","date_gmt":"2023-02-15T10:14:29","guid":{"rendered":"https:\/\/visiondevelopment.pl\/zakupu-mieszkania-na-kredyt\/"},"modified":"2023-10-02T11:00:36","modified_gmt":"2023-10-02T09:00:36","slug":"zakupu-mieszkania-na-kredyt","status":"publish","type":"page","link":"https:\/\/visiondevelopment.pl\/en\/zakupu-mieszkania-na-kredyt\/","title":{"rendered":"Zakupu mieszkania na kredyt."},"content":{"rendered":"\n<h2 class=\"wp-block-heading\">W sprawach kredyt\u00f3w naszych klient\u00f3w wsp\u00f3\u0142pracujemy z <a href=\"https:\/\/mfinanse.pl\/kredyt-hipoteczny-kalkulator-zdolnosci-kredytowej-podwojne-kalkulatory\/\" data-type=\"URL\" data-id=\"https:\/\/mfinanse.pl\/kredyt-hipoteczny-kalkulator-zdolnosci-kredytowej-podwojne-kalkulatory\/\" target=\"_blank\" rel=\"noopener\">mFinanse<\/a>.<\/h2>\n\n\n\n<div class=\"wp-block-columns is-layout-flex wp-container-core-columns-is-layout-9d6595d7 wp-block-columns-is-layout-flex\">\n<div class=\"wp-block-column is-layout-flow wp-block-column-is-layout-flow\">\n<figure class=\"wp-block-image size-full\"><a href=\"https:\/\/mfinanse.pl\/formularz-biznespartner\/?fn=Vision-Development&amp;f=FBP-0089&amp;e=10687\" target=\"_blank\" rel=\"noreferrer noopener\"><img loading=\"lazy\" decoding=\"async\" width=\"788\" height=\"780\" src=\"https:\/\/visiondevelopment.pl\/wp-content\/uploads\/2023\/02\/Zrzut-ekranu-2023-02-24-o-11.29.58.png\" alt=\"Finansowanie zakupu mieszkania z Vision Development.\" class=\"wp-image-496\" srcset=\"https:\/\/visiondevelopment.pl\/wp-content\/uploads\/2023\/02\/Zrzut-ekranu-2023-02-24-o-11.29.58.png 788w, https:\/\/visiondevelopment.pl\/wp-content\/uploads\/2023\/02\/Zrzut-ekranu-2023-02-24-o-11.29.58-300x297.png 300w, https:\/\/visiondevelopment.pl\/wp-content\/uploads\/2023\/02\/Zrzut-ekranu-2023-02-24-o-11.29.58-768x760.png 768w\" sizes=\"auto, (max-width: 788px) 100vw, 788px\" \/><\/a><\/figure>\n\n\n\n<h3 class=\"wp-block-heading\">Ty masz marzenia My mamy <a href=\"https:\/\/mfinanse.pl\/formularz-biznespartner\/?fn=Vision-Development&amp;f=FBP-0089&amp;e=10687\" target=\"_blank\" data-type=\"URL\" data-id=\"https:\/\/mfinanse.pl\/formularz-biznespartner\/?fn=Vision-Development&amp;f=FBP-0089&amp;e=10687\" rel=\"noreferrer noopener nofollow\">ekspert\u00f3w<\/a>.<\/h3>\n\n\n\n<h4 class=\"wp-block-heading\">Wsp\u00f3lnie znajdziemy kredyt dostosowany do Twoich potrzeb.<\/h4>\n<\/div>\n\n\n\n<div class=\"wp-block-column is-layout-flow wp-block-column-is-layout-flow\">\n<figure class=\"wp-block-image size-full is-resized\"><a href=\"https:\/\/visiondevelopment.pl\/inwestycje\/maratonska-49\/\" target=\"_blank\" rel=\"noreferrer noopener\"><img loading=\"lazy\" decoding=\"async\" src=\"https:\/\/visiondevelopment.pl\/wp-content\/uploads\/2022\/10\/maratonska-1.jpg\" alt=\"Zakupu mieszkania na kredyt.\" class=\"wp-image-45\" style=\"width:402px;height:198px\" width=\"402\" height=\"198\"\/><\/a><figcaption class=\"wp-element-caption\">Investment \u2013 Marato\u0144ska 49<\/figcaption><\/figure>\n\n\n\n<h4 class=\"wp-block-heading\">If you have already found the right apartment for yourself, know that there are only 4 steps to obtain a mortgage loan &#8211; our credit intermediation partner: <a href=\"https:\/\/mfinanse.pl\/formularz-biznespartner\/?fn=Vision-Development&amp;f=FBP-0089&amp;e=10687\" data-type=\"URL\" data-id=\"https:\/\/mfinanse.pl\/formularz-biznespartner\/?fn=Vision-Development&amp;f=FBP-0089&amp;e=10687\" target=\"_blank\" rel=\"noreferrer noopener nofollow\">mFinanse<\/a> supports you through the entire process:<\/h4>\n\n\n\n<ol type=\"1\" start=\"1\" class=\"has-black-color has-white-background-color has-text-color has-background wp-block-list\">\n<li>Make an appointment for a telephone consultation or meeting.<\/li>\n\n\n\n<li>Tell the expert about your credit needs.<\/li>\n\n\n\n<li>Choose the best offer from several banks with the support of an expert.<\/li>\n\n\n\n<li>The expert will help you complete the formalities, you will only need to sign the documents<\/li>\n<\/ol>\n\n\n\n<hr class=\"wp-block-separator has-alpha-channel-opacity\"\/>\n\n\n\n<h4 class=\"wp-block-heading\">Financing the purchase of an apartment with Vision Development.<br><\/h4>\n\n\n\n<p><br>Buying an apartment from a developer for cash, a very comfortable situation. However, if you are considering purchasing an apartment on credit, want to learn new information about programs such as apartment without own contribution, co-financing of loan costs with an interest rate of over 2% or you do not know what to pay attention to when choosing a bank granting a loan, support from experts from mFinanse is for you.<\/p>\n\n\n\n<h4 class=\"wp-block-heading\"><strong><a href=\"https:\/\/mfinanse.pl\/formularz-biznespartner\/?fn=Vision-Development&amp;f=FBP-0089&amp;e=10687\" target=\"_blank\" rel=\"noreferrer noopener\">Make an appointment for a consultation and get the support of a <mark>credit expert<\/mark><\/a><\/strong>.<\/h4>\n<\/div>\n<\/div>\n\n\n\n<h3 class=\"wp-block-heading\">Questions regarding the purchase of an apartment on credit and others can be found in the FAQ section. <\/h3>\n\n\n\n<p>If you don&#8217;t know what to do after purchasing an apartment from a developer, whether it needs to be reported to the Tax Office, what additional costs when purchasing an apartment from a developer or how the Development Act protects apartment buyers, we encourage you to check our FAQ section with answers to these and other questions.<\/p>\n\n\n\n<h2 class=\"wp-block-heading\"><a href=\"https:\/\/visiondevelopment.pl\/kontakt\/\" data-type=\"page\" data-id=\"21\" target=\"_blank\" rel=\"noreferrer noopener\">Contact &#8211; FAQ Section<\/a><\/h2>\n\n\n\n<p><\/p>\n","protected":false},"excerpt":{"rendered":"<p>W sprawach kredyt\u00f3w naszych klient\u00f3w wsp\u00f3\u0142pracujemy z mFinanse. Ty masz marzenia My mamy ekspert\u00f3w. Wsp\u00f3lnie znajdziemy kredyt dostosowany do Twoich potrzeb. If you have already found the right apartment for yourself, know that there are only 4 steps to obtain a mortgage loan &#8211; our credit intermediation partner: mFinanse supports you through the entire process: [&hellip;]<\/p>\n","protected":false},"author":3,"featured_media":0,"parent":0,"menu_order":0,"comment_status":"closed","ping_status":"closed","template":"","meta":{"_acf_changed":false,"inline_featured_image":false,"footnotes":""},"class_list":["post-830","page","type-page","status-publish","hentry"],"acf":[],"_links":{"self":[{"href":"https:\/\/visiondevelopment.pl\/en\/wp-json\/wp\/v2\/pages\/830","targetHints":{"allow":["GET"]}}],"collection":[{"href":"https:\/\/visiondevelopment.pl\/en\/wp-json\/wp\/v2\/pages"}],"about":[{"href":"https:\/\/visiondevelopment.pl\/en\/wp-json\/wp\/v2\/types\/page"}],"author":[{"embeddable":true,"href":"https:\/\/visiondevelopment.pl\/en\/wp-json\/wp\/v2\/users\/3"}],"replies":[{"embeddable":true,"href":"https:\/\/visiondevelopment.pl\/en\/wp-json\/wp\/v2\/comments?post=830"}],"version-history":[{"count":1,"href":"https:\/\/visiondevelopment.pl\/en\/wp-json\/wp\/v2\/pages\/830\/revisions"}],"predecessor-version":[{"id":832,"href":"https:\/\/visiondevelopment.pl\/en\/wp-json\/wp\/v2\/pages\/830\/revisions\/832"}],"wp:attachment":[{"href":"https:\/\/visiondevelopment.pl\/en\/wp-json\/wp\/v2\/media?parent=830"}],"curies":[{"name":"wp","href":"https:\/\/api.w.org\/{rel}","templated":true}]}}