{"id":887,"date":"2022-09-28T20:56:58","date_gmt":"2022-09-28T18:56:58","guid":{"rendered":"https:\/\/visiondevelopment.pl\/polityka-prywatnosci\/"},"modified":"2025-10-08T13:58:59","modified_gmt":"2025-10-08T11:58:59","slug":"polityka-prywatnosci","status":"publish","type":"page","link":"https:\/\/visiondevelopment.pl\/en\/polityka-prywatnosci\/","title":{"rendered":"Polityka prywatno\u015bci &#038; RODO"},"content":{"rendered":"\n<h2 class=\"wp-block-heading\"><strong>Klauzula informacyjna &#8211; art. 13 RODO&nbsp;<\/strong><\/h2>\n\n\n\n<p>Zgodnie z art. 13 ust. 1 i ust. 2 og\u00f3lnego rozporz\u0105dzenia o ochronie danych osobowych z dnia 27 kwietnia 2016 r. informuj\u0119, i\u017c:<\/p>\n\n\n\n<ol class=\"wp-block-list\">\n<li>administratorem Pa\u0144stwa danych osobowych jest Vision Development Sp. z o.o. z siedzib\u0105 w \u0141odzi (90-248) przy ul. P.O.W. 29\/2 (dalej jako \u201eADO\u201d).<\/li>\n\n\n\n<li>ADO wyznaczy\u0142 przedstawiciela, z kt\u00f3rym mo\u017cna si\u0119 skontaktowa\u0107 w zakresie danych osobowych w osobie Paw\u0142a Olczyka pod adresem \u0141\u00f3d\u017a (90-248) przy ul. P.O.W. 29\/2, adresem mailowym pawel.olczyk@orsadwokaci.eu, numerem telefonu +48 665660700.<\/li>\n\n\n\n<li>Pa\u0144stwa dane osobowe w zakresie, m.in. imienia i nazwiska, oznaczenia firmy, adresu prowadzonej dzia\u0142alno\u015bci gospodarczej, numeru telefonu, adresu e-mail, numeru rachunku firmowego, numer\u00f3w PESEL i NIP zosta\u0142y przekazane przez Pa\u0144stwa dobrowolnie na potrzeby realizacji wsp\u00f3\u0142pracy gospodarczej \u0142\u0105cz\u0105cej Pa\u0144stwa z ADO;<\/li>\n\n\n\n<li>Pa\u0144stwa dane osobowe przetwarzane b\u0119d\u0105 w celu:<\/li>\n<\/ol>\n\n\n\n<ul class=\"wp-block-list\">\n<li>wykonania realizacji wsp\u00f3\u0142pracy gospodarczej \u0142\u0105cz\u0105cej Pa\u0144stwa z ADO,&nbsp;<\/li>\n\n\n\n<li>marketingu produkt\u00f3w i us\u0142ug ADO, w tym w celach analitycznych,&nbsp;<\/li>\n\n\n\n<li>wysy\u0142ki newslettera,&nbsp;<\/li>\n\n\n\n<li>utworzenia konta na platformie klienta&nbsp;<\/li>\n<\/ul>\n\n\n\n<p>&nbsp;-na podstawie art. 6 ust. 1 lit. a) i b) RODO;<\/p>\n\n\n\n<ol class=\"wp-block-list\">\n<li>ADO nie b\u0119dzie przechowywa\u0142 Pa\u0144stwa danych osobowych d\u0142u\u017cej ni\u017c b\u0119dzie to konieczne do osi\u0105gni\u0119cia cel\u00f3w, do jakich dane zosta\u0142y zgromadzone lub d\u0142u\u017cej ni\u017c jest to okre\u015blone prawem,<\/li>\n\n\n\n<li>W zale\u017cno\u015bci od podstawy prawnej przetwarzania, Pa\u0144stwa dane osobowe b\u0119d\u0105 przechowywane: &#8211; na podstawie udzielonej zgody &#8211; nie d\u0142u\u017cej ni\u017c do momentu wycofania udzielonej zgody,<br>&#8211; na podstawie zawartej umowy \u2013 6&nbsp;lat b\u0105d\u017a 3 lata&nbsp;&nbsp;(zgodnie z przepisami Kodeksu Cywilnego reguluj\u0105cymi termin przedawnienia roszcze\u0144 maj\u0105tkowych \u2013 art. 118 k.c.).<\/li>\n\n\n\n<li>przys\u0142uguje Pa\u0144stwu prawo dost\u0119pu do swoich danych osobowych, prawo do \u017c\u0105dania poprawienia, usuni\u0119cia lub ograniczenia przetwarzania tych danych, prawo do przenoszenia danych;<\/li>\n\n\n\n<li>w dowolnym momencie maj\u0105 Pa\u0144stwo prawo cofn\u0105\u0107 udzielon\u0105 zgod\u0119, co pozostanie jednak bez wp\u0142ywu na zgodno\u015b\u0107 z prawem przetwarzania, kt\u00f3rego dokonano na podstawie zgody przed jej cofni\u0119ciem;<\/li>\n\n\n\n<li>maj\u0105 Pa\u0144stwo prawo wniesienia skargi do organu nadzoru, gdy uznaj\u0105, i\u017c przetwarzanie danych osobowych Pa\u0144stwa dotycz\u0105cych narusza przepisy;<\/li>\n\n\n\n<li>podanie przez Pa\u0144stwa danych osobowych jest dobrowolne;<\/li>\n\n\n\n<li>Pa\u0144stwa dane przetwarzane s\u0105 na podstawie umowy z administratorem i wy\u0142\u0105cznie z polecenia administratora. Dane te nie b\u0119d\u0105 udost\u0119pnione \u017cadnym podmiotom zewn\u0119trznym na u\u017cytek w\u0142asny \u2013 jedynie do realizacji us\u0142ug oferowanych przez ADO. Wszyscy partnerzy, kt\u00f3rzy przetwarzaj\u0105 dane osobowe klient\u00f3w ADO zapewniaj\u0105 bezpiecze\u0144stwo danych i wype\u0142niaj\u0105 wszystkie obowi\u0105zki w zakresie ochrony danych osobowych. Dane mog\u0105 by\u0107 przekazywane podmiotom przetwarzaj\u0105cym dane osobowe na zlecenie administratora, b\u0119d\u0105 to upowa\u017cnieni pracownicy administratora oraz zleceniobiorcy \u015bwiadcz\u0105cy na rzecz administratora us\u0142ugi zarz\u0105dcze, ksi\u0119gowe, marketingowe, IT oraz prawne;<\/li>\n\n\n\n<li>Pa\u0144stwa dane nie b\u0119d\u0105 przetwarzane w spos\u00f3b zautomatyzowany, w tym r\u00f3wnie\u017c w formie profilowania.<\/li>\n<\/ol>\n\n\n\n<h2 class=\"wp-block-heading\"><strong>Pliki cookies<\/strong><\/h2>\n\n\n\n<p>Serwis u\u017cywa \u201ecookies\u201d. S\u0105 to niewielkie pliki tekstowe wysy\u0142ane przez serwer www i przechowywane przez oprogramowanie komputera przegl\u0105darki. Kiedy przegl\u0105darka ponownie po\u0142\u0105czy si\u0119 ze stron\u0105, witryna rozpoznaje rodzaj urz\u0105dzenia, z kt\u00f3rego \u0142\u0105czy si\u0119 u\u017cytkownik. Parametry pozwalaj\u0105 na odczytanie informacji w nich zawartych jedynie serwerowi, kt\u00f3ry je utworzy\u0142. \u201eCookies\u201d u\u0142atwiaj\u0105 wi\u0119c korzystanie z wcze\u015bniej odwiedzonych witryn.<\/p>\n\n\n\n<h2 class=\"wp-block-heading\"><strong>Konwersje rozszerzone (Google Enhanced Conversions)<\/strong><\/h2>\n\n\n\n<p>Je\u015bli udzielisz nam zgody, wykorzystamy funkcj\u0119 Enhanced Conversions od Google. Us\u0142uga ta ma na celu lepsze mierzenie tego, jak skuteczne s\u0105 reklamy, kt\u00f3rych wy\u015bwietlanie zlecamy firmie Google.<br>Wysy\u0142amy do Google haszowane dane, takie jak adres e mail (czasem r\u00f3wnie\u017c numer telefonu i imi\u0119), kt\u00f3re zosta\u0142y przez Ciebie podane podczas dokonania konwersji (np. wys\u0142ania formularza). Przekazywanie danych odbywa si\u0119 tylko w formie zaszyfrowanej i po wyra\u017ceniu zgody poprzez nasz baner plik\u00f3w cookie. Google dopasowuje przekazany skr\u00f3t do konta Google, by przypisa\u0107 konwersj\u0119 do wy\u015bwietlonej reklamy \u2013 w ten spos\u00f3b analizujemy, kt\u00f3re reklamy faktycznie przek\u0142adaj\u0105 si\u0119 na dzia\u0142ania. Informacje z Twojego konta Google nie s\u0105 dla nas widoczne w \u017cadnym momencie.<br>Z naszej wiedzy wynika, \u017ce Google u\u017cywa danych w spos\u00f3b poufny i zapewnia ich ochron\u0119.\u00a0<br>W ramach korzystania z Google Enhanced Conversions, mo\u017ce dochodzi\u0107 do przekazywania danych osobowych do pa\u0144stw trzecich (w szczeg\u00f3lno\u015bci do serwer\u00f3w Google LLC. w USA).<br>Podstaw\u0105 prawn\u0105 przetwarzania danych jest Twoja zgoda (art. 6 ust. 1 lit. a RODO) lub \u2013 w naszym przypadku \u2013 prawnie uzasadniony interes (art. 6 ust. 1 lit. f RODO), zwi\u0105zany z optymalizacj\u0105 dzia\u0142a\u0144 marketingowych.<br>Dane s\u0105 przesy\u0142ane wy\u0142\u0105cznie po Twojej zgodzie i nie s\u0105 wykorzystywane w innych celach. Mo\u017cesz w ka\u017cdej chwili wycofa\u0107 zgod\u0119, np. przez ustawienia Twojej przegl\u0105darki lub poprzez link do ustawie\u0144 reklam Google. W przypadku braku zgody lub wylogowania z konta Google \u2013 dane nie zostan\u0105 przes\u0142ane do Google.<\/p>\n","protected":false},"excerpt":{"rendered":"<p>Klauzula informacyjna &#8211; art. 13 RODO&nbsp; Zgodnie z art. 13 ust. 1 i ust. 2 og\u00f3lnego rozporz\u0105dzenia o ochronie danych osobowych z dnia 27 kwietnia 2016 r. informuj\u0119, i\u017c: &nbsp;-na podstawie art. 6 ust. 1 lit. a) i b) RODO; Pliki cookies Serwis u\u017cywa \u201ecookies\u201d. S\u0105 to niewielkie pliki tekstowe wysy\u0142ane przez serwer www i [&hellip;]<\/p>\n","protected":false},"author":1,"featured_media":0,"parent":0,"menu_order":0,"comment_status":"closed","ping_status":"open","template":"","meta":{"_acf_changed":false,"inline_featured_image":false,"footnotes":""},"class_list":["post-887","page","type-page","status-publish","hentry"],"acf":[],"_links":{"self":[{"href":"https:\/\/visiondevelopment.pl\/en\/wp-json\/wp\/v2\/pages\/887","targetHints":{"allow":["GET"]}}],"collection":[{"href":"https:\/\/visiondevelopment.pl\/en\/wp-json\/wp\/v2\/pages"}],"about":[{"href":"https:\/\/visiondevelopment.pl\/en\/wp-json\/wp\/v2\/types\/page"}],"author":[{"embeddable":true,"href":"https:\/\/visiondevelopment.pl\/en\/wp-json\/wp\/v2\/users\/1"}],"replies":[{"embeddable":true,"href":"https:\/\/visiondevelopment.pl\/en\/wp-json\/wp\/v2\/comments?post=887"}],"version-history":[{"count":1,"href":"https:\/\/visiondevelopment.pl\/en\/wp-json\/wp\/v2\/pages\/887\/revisions"}],"predecessor-version":[{"id":1610,"href":"https:\/\/visiondevelopment.pl\/en\/wp-json\/wp\/v2\/pages\/887\/revisions\/1610"}],"wp:attachment":[{"href":"https:\/\/visiondevelopment.pl\/en\/wp-json\/wp\/v2\/media?parent=887"}],"curies":[{"name":"wp","href":"https:\/\/api.w.org\/{rel}","templated":true}]}}